{"id":3,"date":"2025-10-24T18:12:38","date_gmt":"2025-10-24T21:12:38","guid":{"rendered":"https:\/\/franzimconsultoria.com.br\/?page_id=3"},"modified":"2025-10-28T11:04:49","modified_gmt":"2025-10-28T14:04:49","slug":"politica-de-privacidade","status":"publish","type":"page","link":"https:\/\/franzimconsultoria.com.br\/en\/politica-de-privacidade\/","title":{"rendered":"Pol\u00edtica de privacidade"},"content":{"rendered":"<div data-elementor-type=\"wp-page\" data-elementor-id=\"3\" class=\"elementor elementor-3\" data-elementor-post-type=\"page\">\n\t\t\t\t<div class=\"elementor-element elementor-element-1a92624f e-flex e-con-boxed e-con e-parent\" data-id=\"1a92624f\" data-element_type=\"container\" data-e-type=\"container\">\n\t\t\t\t\t<div class=\"e-con-inner\">\n\t\t\t\t<div class=\"elementor-element elementor-element-50224199 elementor-widget elementor-widget-text-editor\" data-id=\"50224199\" data-element_type=\"widget\" data-e-type=\"widget\" data-widget_type=\"text-editor.default\">\n\t\t\t\t\t\t\t\t\t<p class=\"font_8 wixui-rich-text__text\">N\u00f3s, da Franzim Consultoria Jur\u00eddica, levamos a s\u00e9rio a privacidade de dados.<\/p>\n<p class=\"font_8 wixui-rich-text__text\">Reconhecemos e valorizamos a confian\u00e7a que nossos clientes depositam em n\u00f3s, ao nos fornecer seus dados pessoais, e estamos comprometidos em salvaguardar a privacidade e a seguran\u00e7a dos dados que podemos coletar dos visitantes de nossos sites e\/ou clientes.<\/p>\n<p class=\"font_8 wixui-rich-text__text\">Este aviso de privacidade visa ajud\u00e1-lo(a) a compreender nossas pr\u00e1ticas de coleta, uso e divulga\u00e7\u00e3o de dados pessoais:<\/p>\n<h3 class=\"font_8 wixui-rich-text__text\"><span class=\"wixui-rich-text__text\">Informa\u00e7\u00f5es sobre voc\u00ea<\/span><\/h3>\n<p class=\"font_8 wixui-rich-text__text\">Ao entrar em contato com o nosso escrit\u00f3rio, atrav\u00e9s deste site, podemos solicitar informa\u00e7\u00f5es sobre suas necessidades jur\u00eddicas. Al\u00e9m disso, podemos solicitar que voc\u00ea forne\u00e7a seu nome, telefone, endere\u00e7o de e-mail e outras informa\u00e7\u00f5es adicionais.<\/p>\n<p class=\"font_8 wixui-rich-text__text\">As informa\u00e7\u00f5es fornecidas ser\u00e3o revisadas pelo escrit\u00f3rio para fins de resposta \u00e0 sua consulta.<\/p>\n<p class=\"font_8 wixui-rich-text__text\">Qualquer uma das seguintes informa\u00e7\u00f5es pessoais que sejam disponibilizadas ao advogado e\/ou qualquer outro colaborador, devem ser mantidas em sigilo:<\/p>\n<ul class=\"font_8 wixui-rich-text__text\">\n<li class=\"wixui-rich-text__text\">\n<p class=\"font_8 wixui-rich-text__text\"><span class=\"wixui-rich-text__text\">Primeiro e \u00faltimo nome;<\/span><\/p>\n<\/li>\n<li class=\"wixui-rich-text__text\">\n<p class=\"font_8 wixui-rich-text__text\"><span class=\"wixui-rich-text__text\">Endere\u00e7o;<\/span><\/p>\n<\/li>\n<li class=\"wixui-rich-text__text\">\n<p class=\"font_8 wixui-rich-text__text\"><span class=\"wixui-rich-text__text\">Outras informa\u00e7\u00f5es de contato, por exemplo, n\u00famero de telefone, n\u00famero de fax, endere\u00e7o de e-mail e outras informa\u00e7\u00f5es semelhantes;<\/span><\/p>\n<\/li>\n<li class=\"wixui-rich-text__text\">\n<p class=\"font_8 wixui-rich-text__text\"><span class=\"wixui-rich-text__text\">T\u00edtulo ou posi\u00e7\u00e3o em uma empresa ou organiza\u00e7\u00e3o;<\/span><\/p>\n<\/li>\n<li class=\"wixui-rich-text__text\">\n<p class=\"font_8 wixui-rich-text__text\"><span class=\"wixui-rich-text__text\">Ocupa\u00e7\u00e3o;<\/span><\/p>\n<\/li>\n<li class=\"wixui-rich-text__text\">\n<p class=\"font_8 wixui-rich-text__text\"><span class=\"wixui-rich-text__text\">Ind\u00fastria;<\/span><\/p>\n<\/li>\n<li class=\"wixui-rich-text__text\">\n<p class=\"font_8 wixui-rich-text__text\"><span class=\"wixui-rich-text__text\">Interesses pessoais;<\/span><\/p>\n<\/li>\n<li class=\"wixui-rich-text__text\">\n<p class=\"font_8 wixui-rich-text__text\"><span class=\"wixui-rich-text__text\">Qualquer outra informa\u00e7\u00e3o fornecida por voc\u00ea para que possamos avaliar se somos capazes de ajud\u00e1-lo.<\/span><br class=\"wixui-rich-text__text\" \/>\u00a0<\/p>\n<\/li>\n<\/ul>\n<p class=\"font_8 wixui-rich-text__text\">Exemplos de cen\u00e1rios em que nossos visitantes e\/ou clientes fornecem suas informa\u00e7\u00f5es pessoais incluem, mas n\u00e3o est\u00e3o limitados a:<br class=\"wixui-rich-text__text\" \/>\u00a0<\/p>\n<ul class=\"font_8 wixui-rich-text__text\">\n<li class=\"wixui-rich-text__text\">\n<p class=\"font_8 wixui-rich-text__text\"><span class=\"wixui-rich-text__text\">Enviar e-mail, ligar ou se comunicar com colaborador do escrit\u00f3rio (advogado ou n\u00e3o);<\/span><\/p>\n<\/li>\n<li class=\"wixui-rich-text__text\">\n<p class=\"font_8 wixui-rich-text__text\"><span class=\"wixui-rich-text__text\">Postar uma pergunta ou coment\u00e1rio atrav\u00e9s do site;<\/span><\/p>\n<\/li>\n<li class=\"wixui-rich-text__text\">\n<p class=\"font_8 wixui-rich-text__text\"><span class=\"wixui-rich-text__text\">Solicitar literatura, e-books e ferramentas;<\/span><\/p>\n<\/li>\n<li class=\"wixui-rich-text__text\">\n<p class=\"font_8 wixui-rich-text__text\"><span class=\"wixui-rich-text__text\">Inscrever-se para participar de evento;<\/span><\/p>\n<\/li>\n<li class=\"wixui-rich-text__text\">\n<p class=\"font_8 wixui-rich-text__text\"><span class=\"wixui-rich-text__text\">Participar de uma pesquisa online;<\/span><\/p>\n<\/li>\n<li class=\"wixui-rich-text__text\">\n<p class=\"font_8 wixui-rich-text__text\"><span class=\"wixui-rich-text__text\">Solicitar inclus\u00e3o em um e-mail ou outra lista de distribui\u00e7\u00e3o;<\/span><\/p>\n<\/li>\n<li class=\"wixui-rich-text__text\">\n<p class=\"font_8 wixui-rich-text__text\"><span class=\"wixui-rich-text__text\">Qualquer outro motivo relacionado aos neg\u00f3cios praticados pelo escrit\u00f3rio.<\/span><br class=\"wixui-rich-text__text\" \/>\u00a0<\/p>\n<\/li>\n<\/ul>\n<p class=\"font_8 wixui-rich-text__text\">N\u00f3s, da Franzim Consultoria Jur\u00eddica, oferecemos a oportunidade de concordar ou recusar o fornecimento de suas informa\u00e7\u00f5es pessoais pela Internet. O escrit\u00f3rio ir\u00e1 inform\u00e1-lo (a) sobre a finalidade da coleta e n\u00e3o tem a inten\u00e7\u00e3o de transferir suas informa\u00e7\u00f5es pessoais a terceiros sem o seu consentimento.<\/p>\n<p class=\"font_8 wixui-rich-text__text\">\u00c9 nossa pol\u00edtica respeitar a privacidade de nossos clientes. Exceto com seu consentimento escrito, em nenhuma circunst\u00e2ncia a Franzim Consultoria Jur\u00eddica divulgar\u00e1 as informa\u00e7\u00f5es fornecidas por voc\u00ea a qualquer indiv\u00edduo, anunciante, fornecedor ou qualquer outra entidade.<\/p>\n<p class=\"font_8 wixui-rich-text__text\">Se voc\u00ea enviar correspond\u00eancias \u00e0 Franzim Consultoria Jur\u00eddica, como e-mails ou cartas, podemos coletar essas informa\u00e7\u00f5es em um arquivo espec\u00edfico para voc\u00ea. Podemos usar as informa\u00e7\u00f5es do arquivo que mantemos, e outras informa\u00e7\u00f5es que obtemos de seu uso atual e anterior do site, para avaliar problemas ou reclama\u00e7\u00f5es.<\/p>\n<h3 class=\"font_8 wixui-rich-text__text\"><span class=\"wixGuard wixui-rich-text__text\">Newsletter da Franzim Consultoria Jur\u00eddica\u200b<\/span><\/h3>\n<p class=\"font_8 wixui-rich-text__text\">Se voc\u00ea deseja cancelar o recebimento de newsletter de nosso escrit\u00f3rio, envie um e-mail para\u00a0<a class=\"wixui-rich-text__text\" href=\"mailto:adm@franzimconsultoria.com.br\" data-auto-recognition=\"true\">adm@franzimconsultoria.com.br<\/a>\u00a0com o t\u00edtulo \u201cCANCELAR INSCRI\u00c7\u00c3O\u201d no assunto do seu e-mail.<\/p>\n<h3 class=\"font_8 wixui-rich-text__text\"><span class=\"wixui-rich-text__text\">Seguran\u00e7a<\/span><\/h3>\n<p class=\"font_8 wixui-rich-text__text\">Tomamos precau\u00e7\u00f5es internamente para proteger suas informa\u00e7\u00f5es. Embora apliquemos todos os esfor\u00e7os para manter seus dados seguros, quando voc\u00ea envia informa\u00e7\u00f5es, por meio do site, suas informa\u00e7\u00f5es s\u00e3o enviadas pela Internet, por e-mail n\u00e3o criptografado. Portanto, a transmiss\u00e3o de informa\u00e7\u00f5es sens\u00edveis e confidenciais por meio deste site deve ser evitada.<\/p>\n<h3>Coleta de Endere\u00e7os IP e Informa\u00e7\u00f5es de Dom\u00ednio<\/h3>\n<p class=\"font_8 wixui-rich-text__text\">Nosso escrit\u00f3rio pode, ocasionalmente, registrar endere\u00e7os de IP para fins de administra\u00e7\u00e3o de sistemas.<\/p>\n<p class=\"font_8 wixui-rich-text__text\">O escrit\u00f3rio pode coletar informa\u00e7\u00f5es de dom\u00ednio para analisar como nossos visitantes usam este site. Esses dados nos permitem ficar mais familiarizados com as pessoas que visitam nosso site, com que frequ\u00eancia o visitam e quais partes do site visitam com mais frequ\u00eancia. Usamos essas informa\u00e7\u00f5es para melhorar seu conte\u00fado baseado na web. Essas informa\u00e7\u00f5es s\u00e3o coletadas automaticamente e n\u00e3o requerem nenhuma a\u00e7\u00e3o de sua parte.<\/p>\n<h3 class=\"font_8 wixui-rich-text__text\">Uso de Cookies e Rastreamento do Tr\u00e1fego do Usu\u00e1rio\u00a0<\/h3>\n<p class=\"font_8 wixui-rich-text__text\">Algumas p\u00e1ginas deste site podem usar \u201ccookies\u201d &#8211; pequenos arquivos que o site coloca em seu disco r\u00edgido para fins de identifica\u00e7\u00e3o. Um arquivo de cookie pode conter informa\u00e7\u00f5es como, por exemplo, um ID de usu\u00e1rio para rastrear as p\u00e1ginas visitadas, mas as \u00fanicas informa\u00e7\u00f5es pessoais que um cookie pode conter s\u00e3o as informa\u00e7\u00f5es fornecidas por voc\u00ea. Esses arquivos s\u00e3o usados \u200b\u200bpara registro e personaliza\u00e7\u00e3o do site na pr\u00f3xima vez que voc\u00ea nos visitar.<\/p>\n<p class=\"font_8 wixui-rich-text__text\">Algumas partes do site tamb\u00e9m podem usar cookies para rastrear os padr\u00f5es de tr\u00e1fego do usu\u00e1rio. O sistema faz isso para determinar a utilidade das informa\u00e7\u00f5es do nosso site para nossos usu\u00e1rios e para checar a efic\u00e1cia de nossa estrutura de navega\u00e7\u00e3o para ajudar os usu\u00e1rios a obter essas informa\u00e7\u00f5es.<\/p>\n<p class=\"font_8 wixui-rich-text__text\">Se preferir n\u00e3o receber cookies enquanto navega em nosso site, voc\u00ea pode configurar seu navegador para avis\u00e1-lo antes de aceitar cookies e recusar o cookie quando seu navegador o (a) alertar sobre sua presen\u00e7a. Voc\u00ea tamb\u00e9m pode recusar todos os cookies, desativando-os em seu navegador. Ao n\u00e3o aceitar cookies, algumas p\u00e1ginas podem n\u00e3o funcionar totalmente e voc\u00ea pode n\u00e3o ser capaz de acessar certas informa\u00e7\u00f5es neste site.<\/p>\n<h3 class=\"font_8 wixui-rich-text__text\">Pol\u00edtica de Exclus\u00e3o de Dados<\/h3>\n<p class=\"font_8 wixui-rich-text__text\">Para deletar suas informa\u00e7\u00f5es pessoais, por favor, envie um e-mail para\u00a0<a class=\"wixui-rich-text__text\" href=\"mailto:adm@franzimconsultoria.com.br\" data-auto-recognition=\"true\">adm@franzimconsultoria.com.br<\/a>\u00a0com o t\u00edtulo \u201cEXCLUIR MEUS DADOS\u201d no assunto do seu e-mail. Al\u00e9m disso, pedimos que informe quais dados dever\u00e3o ser deletados.<\/p>\n<h3 class=\"font_8 wixui-rich-text__text\">Links para Outros Sites\u00a0<\/h3>\n<p class=\"font_8 wixui-rich-text__text\">Este site pode conter links para outros sites. N\u00f3s n\u00e3o nos responsabilizamos pelo conte\u00fado ou pela pol\u00edtica de privacidade dos sites aos quais se vincula.<\/p>\n<h3>Mudan\u00e7as nesta Pol\u00edtica de Privacidade<\/h3>\n<p class=\"font_8 wixui-rich-text__text\">A Franzim Consultoria Jur\u00eddica reserva o direito de alterar, modificar ou atualizar esta pol\u00edtica a qualquer momento sem aviso pr\u00e9vio. Quaisquer mudan\u00e7as substanciais na maneira como usamos suas informa\u00e7\u00f5es pessoais ser\u00e3o publicadas neste site.<\/p>\t\t\t\t\t\t\t\t<\/div>\n\t\t\t\t\t<\/div>\n\t\t\t\t<\/div>\n\t\t\t\t<\/div>","protected":false},"excerpt":{"rendered":"<p>N\u00f3s, da Franzim Consultoria Jur\u00eddica, levamos a s\u00e9rio a privacidade de dados. Reconhecemos e valorizamos a confian\u00e7a que nossos clientes depositam em n\u00f3s, ao nos fornecer seus dados pessoais, e estamos comprometidos em salvaguardar a privacidade e a seguran\u00e7a dos dados que podemos coletar dos visitantes de nossos sites e\/ou clientes. Este aviso de privacidade [&hellip;]<\/p>\n","protected":false},"author":1,"featured_media":0,"parent":0,"menu_order":0,"comment_status":"closed","ping_status":"open","template":"","meta":{"footnotes":""},"class_list":["post-3","page","type-page","status-publish","hentry"],"yoast_head":"<!-- This site is optimized with the Yoast SEO plugin v27.2 - https:\/\/yoast.com\/product\/yoast-seo-wordpress\/ -->\n<title>Pol\u00edtica de privacidade - Franzim Consultoria Jur\u00eddica<\/title>\n<meta name=\"robots\" content=\"index, follow, max-snippet:-1, max-image-preview:large, max-video-preview:-1\" \/>\n<link rel=\"canonical\" href=\"https:\/\/franzimconsultoria.com.br\/en\/politica-de-privacidade\/\" \/>\n<meta property=\"og:locale\" content=\"en_US\" \/>\n<meta property=\"og:type\" content=\"article\" \/>\n<meta property=\"og:title\" content=\"Pol\u00edtica de privacidade - Franzim Consultoria Jur\u00eddica\" \/>\n<meta property=\"og:description\" content=\"N\u00f3s, da Franzim Consultoria Jur\u00eddica, levamos a s\u00e9rio a privacidade de dados. Reconhecemos e valorizamos a confian\u00e7a que nossos clientes depositam em n\u00f3s, ao nos fornecer seus dados pessoais, e estamos comprometidos em salvaguardar a privacidade e a seguran\u00e7a dos dados que podemos coletar dos visitantes de nossos sites e\/ou clientes. Este aviso de privacidade [&hellip;]\" \/>\n<meta property=\"og:url\" content=\"https:\/\/franzimconsultoria.com.br\/en\/politica-de-privacidade\/\" \/>\n<meta property=\"og:site_name\" content=\"Franzim Consultoria Jur\u00eddica\" \/>\n<meta property=\"article:modified_time\" content=\"2025-10-28T14:04:49+00:00\" \/>\n<meta name=\"twitter:card\" content=\"summary_large_image\" \/>\n<meta name=\"twitter:label1\" content=\"Est. reading time\" \/>\n\t<meta name=\"twitter:data1\" content=\"5 minutes\" \/>\n<script type=\"application\/ld+json\" class=\"yoast-schema-graph\">{\"@context\":\"https:\/\/schema.org\",\"@graph\":[{\"@type\":\"WebPage\",\"@id\":\"https:\/\/franzimconsultoria.com.br\/politica-de-privacidade\/\",\"url\":\"https:\/\/franzimconsultoria.com.br\/politica-de-privacidade\/\",\"name\":\"Pol\u00edtica de privacidade - Franzim Consultoria Jur\u00eddica\",\"isPartOf\":{\"@id\":\"https:\/\/franzimconsultoria.com.br\/#website\"},\"datePublished\":\"2025-10-24T21:12:38+00:00\",\"dateModified\":\"2025-10-28T14:04:49+00:00\",\"breadcrumb\":{\"@id\":\"https:\/\/franzimconsultoria.com.br\/politica-de-privacidade\/#breadcrumb\"},\"inLanguage\":\"en-US\",\"potentialAction\":[{\"@type\":\"ReadAction\",\"target\":[\"https:\/\/franzimconsultoria.com.br\/politica-de-privacidade\/\"]}]},{\"@type\":\"BreadcrumbList\",\"@id\":\"https:\/\/franzimconsultoria.com.br\/politica-de-privacidade\/#breadcrumb\",\"itemListElement\":[{\"@type\":\"ListItem\",\"position\":1,\"name\":\"In\u00edcio\",\"item\":\"https:\/\/franzimconsultoria.com.br\/\"},{\"@type\":\"ListItem\",\"position\":2,\"name\":\"Pol\u00edtica de privacidade\"}]},{\"@type\":\"WebSite\",\"@id\":\"https:\/\/franzimconsultoria.com.br\/#website\",\"url\":\"https:\/\/franzimconsultoria.com.br\/\",\"name\":\"Franzim Consultoria Jur\u00eddica\",\"description\":\"Solu\u00e7\u00f5es que permitem crescimento e a prote\u00e7\u00e3o de seu patrim\u00f4nio\",\"publisher\":{\"@id\":\"https:\/\/franzimconsultoria.com.br\/#organization\"},\"potentialAction\":[{\"@type\":\"SearchAction\",\"target\":{\"@type\":\"EntryPoint\",\"urlTemplate\":\"https:\/\/franzimconsultoria.com.br\/?s={search_term_string}\"},\"query-input\":{\"@type\":\"PropertyValueSpecification\",\"valueRequired\":true,\"valueName\":\"search_term_string\"}}],\"inLanguage\":\"en-US\"},{\"@type\":\"Organization\",\"@id\":\"https:\/\/franzimconsultoria.com.br\/#organization\",\"name\":\"Franzim Consultoria Jur\u00eddica\",\"url\":\"https:\/\/franzimconsultoria.com.br\/\",\"logo\":{\"@type\":\"ImageObject\",\"inLanguage\":\"en-US\",\"@id\":\"https:\/\/franzimconsultoria.com.br\/#\/schema\/logo\/image\/\",\"url\":\"https:\/\/franzimconsultoria.com.br\/wp-content\/uploads\/2025\/10\/cropped-logo-franzim-consultoria.png\",\"contentUrl\":\"https:\/\/franzimconsultoria.com.br\/wp-content\/uploads\/2025\/10\/cropped-logo-franzim-consultoria.png\",\"width\":600,\"height\":190,\"caption\":\"Franzim Consultoria Jur\u00eddica\"},\"image\":{\"@id\":\"https:\/\/franzimconsultoria.com.br\/#\/schema\/logo\/image\/\"},\"sameAs\":[\"https:\/\/www.linkedin.com\/\",\"https:\/\/www.instagram.com\/franzimconsultoria\"]}]}<\/script>\n<!-- \/ Yoast SEO plugin. -->","yoast_head_json":{"title":"Pol\u00edtica de privacidade - Franzim Consultoria Jur\u00eddica","robots":{"index":"index","follow":"follow","max-snippet":"max-snippet:-1","max-image-preview":"max-image-preview:large","max-video-preview":"max-video-preview:-1"},"canonical":"https:\/\/franzimconsultoria.com.br\/en\/politica-de-privacidade\/","og_locale":"en_US","og_type":"article","og_title":"Pol\u00edtica de privacidade - Franzim Consultoria Jur\u00eddica","og_description":"N\u00f3s, da Franzim Consultoria Jur\u00eddica, levamos a s\u00e9rio a privacidade de dados. Reconhecemos e valorizamos a confian\u00e7a que nossos clientes depositam em n\u00f3s, ao nos fornecer seus dados pessoais, e estamos comprometidos em salvaguardar a privacidade e a seguran\u00e7a dos dados que podemos coletar dos visitantes de nossos sites e\/ou clientes. Este aviso de privacidade [&hellip;]","og_url":"https:\/\/franzimconsultoria.com.br\/en\/politica-de-privacidade\/","og_site_name":"Franzim Consultoria Jur\u00eddica","article_modified_time":"2025-10-28T14:04:49+00:00","twitter_card":"summary_large_image","twitter_misc":{"Est. reading time":"5 minutes"},"schema":{"@context":"https:\/\/schema.org","@graph":[{"@type":"WebPage","@id":"https:\/\/franzimconsultoria.com.br\/politica-de-privacidade\/","url":"https:\/\/franzimconsultoria.com.br\/politica-de-privacidade\/","name":"Pol\u00edtica de privacidade - Franzim Consultoria Jur\u00eddica","isPartOf":{"@id":"https:\/\/franzimconsultoria.com.br\/#website"},"datePublished":"2025-10-24T21:12:38+00:00","dateModified":"2025-10-28T14:04:49+00:00","breadcrumb":{"@id":"https:\/\/franzimconsultoria.com.br\/politica-de-privacidade\/#breadcrumb"},"inLanguage":"en-US","potentialAction":[{"@type":"ReadAction","target":["https:\/\/franzimconsultoria.com.br\/politica-de-privacidade\/"]}]},{"@type":"BreadcrumbList","@id":"https:\/\/franzimconsultoria.com.br\/politica-de-privacidade\/#breadcrumb","itemListElement":[{"@type":"ListItem","position":1,"name":"In\u00edcio","item":"https:\/\/franzimconsultoria.com.br\/"},{"@type":"ListItem","position":2,"name":"Pol\u00edtica de privacidade"}]},{"@type":"WebSite","@id":"https:\/\/franzimconsultoria.com.br\/#website","url":"https:\/\/franzimconsultoria.com.br\/","name":"Franzim Consultoria Jur\u00eddica","description":"Solutions that enable growth and the protection of your assets","publisher":{"@id":"https:\/\/franzimconsultoria.com.br\/#organization"},"potentialAction":[{"@type":"SearchAction","target":{"@type":"EntryPoint","urlTemplate":"https:\/\/franzimconsultoria.com.br\/?s={search_term_string}"},"query-input":{"@type":"PropertyValueSpecification","valueRequired":true,"valueName":"search_term_string"}}],"inLanguage":"en-US"},{"@type":"Organization","@id":"https:\/\/franzimconsultoria.com.br\/#organization","name":"Franzim Consultoria Jur\u00eddica","url":"https:\/\/franzimconsultoria.com.br\/","logo":{"@type":"ImageObject","inLanguage":"en-US","@id":"https:\/\/franzimconsultoria.com.br\/#\/schema\/logo\/image\/","url":"https:\/\/franzimconsultoria.com.br\/wp-content\/uploads\/2025\/10\/cropped-logo-franzim-consultoria.png","contentUrl":"https:\/\/franzimconsultoria.com.br\/wp-content\/uploads\/2025\/10\/cropped-logo-franzim-consultoria.png","width":600,"height":190,"caption":"Franzim Consultoria Jur\u00eddica"},"image":{"@id":"https:\/\/franzimconsultoria.com.br\/#\/schema\/logo\/image\/"},"sameAs":["https:\/\/www.linkedin.com\/","https:\/\/www.instagram.com\/franzimconsultoria"]}]}},"_links":{"self":[{"href":"https:\/\/franzimconsultoria.com.br\/en\/wp-json\/wp\/v2\/pages\/3","targetHints":{"allow":["GET"]}}],"collection":[{"href":"https:\/\/franzimconsultoria.com.br\/en\/wp-json\/wp\/v2\/pages"}],"about":[{"href":"https:\/\/franzimconsultoria.com.br\/en\/wp-json\/wp\/v2\/types\/page"}],"author":[{"embeddable":true,"href":"https:\/\/franzimconsultoria.com.br\/en\/wp-json\/wp\/v2\/users\/1"}],"replies":[{"embeddable":true,"href":"https:\/\/franzimconsultoria.com.br\/en\/wp-json\/wp\/v2\/comments?post=3"}],"version-history":[{"count":10,"href":"https:\/\/franzimconsultoria.com.br\/en\/wp-json\/wp\/v2\/pages\/3\/revisions"}],"predecessor-version":[{"id":310,"href":"https:\/\/franzimconsultoria.com.br\/en\/wp-json\/wp\/v2\/pages\/3\/revisions\/310"}],"wp:attachment":[{"href":"https:\/\/franzimconsultoria.com.br\/en\/wp-json\/wp\/v2\/media?parent=3"}],"curies":[{"name":"wp","href":"https:\/\/api.w.org\/{rel}","templated":true}]}}